{"id":2119,"date":"2026-01-18T13:39:55","date_gmt":"2026-01-18T13:39:55","guid":{"rendered":"https:\/\/ctlesbarizaculos.com\/WordPress\/?post_type=product&#038;p=2119"},"modified":"2026-01-18T13:39:55","modified_gmt":"2026-01-18T13:39:55","slug":"socios-as-premium","status":"publish","type":"product","link":"https:\/\/ctlesbarizaculos.com\/WordPress\/producto\/socios-as-premium\/","title":{"rendered":"SOCIOS\/AS PREMIUM"},"content":{"rendered":"<p>Esbarizaculos es una empresa familiar con m\u00e1s de veinte a\u00f1os de experiencia en el sector de la infancia y tiempo libre.<br \/>\nEsbarizaculos es un sue\u00f1o, el de crear un espacio donde plasmar toda la experiencia adquirida durante a\u00f1os, el de fortalecer todos los proyectos existentes y crear otros nuevos.<br \/>\nUn espacio seguro, alegre y centrado en los menores, donde ell@s son los protagonistas, donde se pueden relacionar con ni\u00f1@s de otras edades, grupos &#8230;, un lugar donde tener la libertad de poder cumplir los sue\u00f1os.<br \/>\nEl juego es la esencia de todo lo que ocurre dentro de las paredes de Esbarizaculos, el juego entendido como base del aprendizaje.<\/p>\n<div>Se puede ser socio de varias maneras:<\/div>\n<div>De forma gratuita o con una cuota anual de<b>\u00a015 \u20ac por familia<\/b>\u00a0( cada a\u00f1o se llamara para preguntar si se quiere renovar)<\/div>\n<div>ES NECESARIO SI ERES NUEVO SOCIO\/A RELLENAR EL FORMULARIO DE <a href=\"https:\/\/forms.gle\/y7K1R2WBrfJpasNj9\">INSCRIPCI\u00d3N<\/a> ,si es renovaci\u00f3n no es necesario.<\/div>\n<div>Gracias<\/div>\n","protected":false},"excerpt":{"rendered":"<p>Esbarizaculos es una empresa familiar con m\u00e1s de veinte a\u00f1os de experiencia en el sector de la infancia y tiempo libre. Esbarizaculos es un sue\u00f1o, el de crear un espacio donde plasmar toda la experiencia adquirida durante a\u00f1os, el de fortalecer todos los proyectos existentes y crear otros nuevos. Un espacio seguro, alegre y centrado [&hellip;]<\/p>\n","protected":false},"featured_media":2120,"comment_status":"open","ping_status":"closed","template":"","meta":[],"product_brand":[],"product_cat":[46,43],"product_tag":[60],"class_list":{"0":"post-2119","1":"product","2":"type-product","3":"status-publish","4":"has-post-thumbnail","6":"product_cat-ludoteca","7":"product_cat-talleres-en-familia","8":"product_tag-socios","10":"first","11":"instock","12":"taxable","13":"shipping-taxable","14":"purchasable","15":"product-type-simple"},"jetpack_sharing_enabled":true,"_links":{"self":[{"href":"https:\/\/ctlesbarizaculos.com\/WordPress\/wp-json\/wp\/v2\/product\/2119","targetHints":{"allow":["GET"]}}],"collection":[{"href":"https:\/\/ctlesbarizaculos.com\/WordPress\/wp-json\/wp\/v2\/product"}],"about":[{"href":"https:\/\/ctlesbarizaculos.com\/WordPress\/wp-json\/wp\/v2\/types\/product"}],"replies":[{"embeddable":true,"href":"https:\/\/ctlesbarizaculos.com\/WordPress\/wp-json\/wp\/v2\/comments?post=2119"}],"wp:featuredmedia":[{"embeddable":true,"href":"https:\/\/ctlesbarizaculos.com\/WordPress\/wp-json\/wp\/v2\/media\/2120"}],"wp:attachment":[{"href":"https:\/\/ctlesbarizaculos.com\/WordPress\/wp-json\/wp\/v2\/media?parent=2119"}],"wp:term":[{"taxonomy":"product_brand","embeddable":true,"href":"https:\/\/ctlesbarizaculos.com\/WordPress\/wp-json\/wp\/v2\/product_brand?post=2119"},{"taxonomy":"product_cat","embeddable":true,"href":"https:\/\/ctlesbarizaculos.com\/WordPress\/wp-json\/wp\/v2\/product_cat?post=2119"},{"taxonomy":"product_tag","embeddable":true,"href":"https:\/\/ctlesbarizaculos.com\/WordPress\/wp-json\/wp\/v2\/product_tag?post=2119"}],"curies":[{"name":"wp","href":"https:\/\/api.w.org\/{rel}","templated":true}]}}