{"id":1964,"date":"2025-03-27T19:47:06","date_gmt":"2025-03-27T19:47:06","guid":{"rendered":"https:\/\/ctlesbarizaculos.com\/WordPress\/?post_type=product&#038;p=1964"},"modified":"2026-05-05T11:34:47","modified_gmt":"2026-05-05T11:34:47","slug":"fiesta-pijama","status":"publish","type":"product","link":"https:\/\/ctlesbarizaculos.com\/WordPress\/producto\/fiesta-pijama\/","title":{"rendered":"FIESTA PIJAMA"},"content":{"rendered":"<div>El d\u00eda 29 de mayo repetimos nuestra tradicional pijamada, para peques de 5 a 13 a\u00f1os, m\u00e1s peques o mayores consultarnos, de 20:00 a 11:00, incluye cena ,desayuno tipo buffet, juegos nocturnos , acompa\u00f1amiento durante toda la noche por educadores y risas garantizadas.<\/div>\n<div><\/div>\n<div>\n<div>PLAZAS MUY LIMITADAS ,Inscripci\u00f3n previa\u00a0 ,necesario rellenar formulario, pincha <a href=\"https:\/\/forms.gle\/1ZL7soG9QRs2gBEWA\">aqu\u00ed.<\/a><\/div>\n<\/div>\n<div><\/div>\n<div>\n<div>SOCIOS\/AS PREMIUM\u00a0 \u00a0( antig\u00fcedad un mes) 30\u20ac<\/div>\n<div>SOCIOS\/AS (antig\u00fcedad un mes) y AMPA Hilari\u00f3n Gimeno 35 \u20ac<\/div>\n<div>NO SOCIOS\/AS\u00a0 40\u20ac<\/div>\n<\/div>\n<div>\n<div><\/div>\n<div><\/div>\n<\/div>\n","protected":false},"excerpt":{"rendered":"<p>El d\u00eda 29 de mayo repetimos nuestra tradicional pijamada, para peques de 5 a 13 a\u00f1os, m\u00e1s peques o mayores consultarnos, de 20:00 a 11:00, incluye cena ,desayuno tipo buffet, juegos nocturnos , acompa\u00f1amiento durante toda la noche por educadores y risas garantizadas. PLAZAS MUY LIMITADAS ,Inscripci\u00f3n previa\u00a0 ,necesario rellenar formulario, pincha aqu\u00ed. SOCIOS\/AS PREMIUM\u00a0 [&hellip;]<\/p>\n","protected":false},"featured_media":2218,"comment_status":"open","ping_status":"closed","template":"","meta":[],"product_brand":[],"product_cat":[24],"product_tag":[57],"class_list":{"0":"post-1964","1":"product","2":"type-product","3":"status-publish","4":"has-post-thumbnail","6":"product_cat-sin-categorizar","7":"product_tag-pijamada","9":"first","10":"instock","11":"taxable","12":"shipping-taxable","13":"purchasable","14":"product-type-simple"},"jetpack_sharing_enabled":true,"_links":{"self":[{"href":"https:\/\/ctlesbarizaculos.com\/WordPress\/wp-json\/wp\/v2\/product\/1964","targetHints":{"allow":["GET"]}}],"collection":[{"href":"https:\/\/ctlesbarizaculos.com\/WordPress\/wp-json\/wp\/v2\/product"}],"about":[{"href":"https:\/\/ctlesbarizaculos.com\/WordPress\/wp-json\/wp\/v2\/types\/product"}],"replies":[{"embeddable":true,"href":"https:\/\/ctlesbarizaculos.com\/WordPress\/wp-json\/wp\/v2\/comments?post=1964"}],"wp:featuredmedia":[{"embeddable":true,"href":"https:\/\/ctlesbarizaculos.com\/WordPress\/wp-json\/wp\/v2\/media\/2218"}],"wp:attachment":[{"href":"https:\/\/ctlesbarizaculos.com\/WordPress\/wp-json\/wp\/v2\/media?parent=1964"}],"wp:term":[{"taxonomy":"product_brand","embeddable":true,"href":"https:\/\/ctlesbarizaculos.com\/WordPress\/wp-json\/wp\/v2\/product_brand?post=1964"},{"taxonomy":"product_cat","embeddable":true,"href":"https:\/\/ctlesbarizaculos.com\/WordPress\/wp-json\/wp\/v2\/product_cat?post=1964"},{"taxonomy":"product_tag","embeddable":true,"href":"https:\/\/ctlesbarizaculos.com\/WordPress\/wp-json\/wp\/v2\/product_tag?post=1964"}],"curies":[{"name":"wp","href":"https:\/\/api.w.org\/{rel}","templated":true}]}}