{"id":1902,"date":"2025-02-02T11:22:43","date_gmt":"2025-02-02T11:22:43","guid":{"rendered":"https:\/\/ctlesbarizaculos.com\/WordPress\/?post_type=product&#038;p=1902"},"modified":"2026-02-26T12:02:30","modified_gmt":"2026-02-26T12:02:30","slug":"decoracion-galletas-en-familia-especial-carnaval","status":"publish","type":"product","link":"https:\/\/ctlesbarizaculos.com\/WordPress\/producto\/decoracion-galletas-en-familia-especial-carnaval\/","title":{"rendered":"DECORACI\u00d3N GALLETAS  Y CAKE POP EN FAMILIA( ESPECIAL CARNAVAL)"},"content":{"rendered":"<p>Un taller en el que peques y mayores crearemos\u00a0 juntos unas divertidas galletas\u00a0 y cake pop de carnaval, dejaremos volar nuestra creatividad mientras disfrutamos de un tiempo de calidad en familia, para ellos nos acompa\u00f1ara Patricia de la pasteler\u00eda <strong>PATI PATU<\/strong><\/p>\n<p>Trabajo en equipo y creatividad\u00a0 a tope para una ma\u00f1ana de s\u00e1bado diferente.<\/p>\n<p>Incluye el taller ,materiales y picoteo.<\/p>\n<p>D\u00eda 1 MARZO<br \/>\n11:30 a 12:45\u00a0 ( DE 2 A 15 A\u00d1OS)<br \/>\nLugar :Esbarizaculos ,C\/ Alvira Lasierra 4, local( junto al parque Bruil)<br \/>\nPara que la plaza sea efectiva es necesario pago y rellenar <a href=\"https:\/\/forms.gle\/5z9DmDaSZBR51GkC9\">formulario de inscripci\u00f3n<\/a><\/p>\n<p>Precios:<\/p>\n<p>Soci@s premium\u00a0 ( antig\u00fcedad m\u00ednima un mes)<\/p>\n<p>&#8211; Adulto \u00a0y menor\u00a0 20\u20ac<\/p>\n<p>Soci@s\u00a0 esbarizaculos ( antig\u00fcedad m\u00ednima un mes) y AMPA Hilari\u00f3n Gimeno :<br \/>\n&#8211; Adulto \u00a0y menor\u00a0 23\u20ac<\/p>\n<p>No soci@s:<br \/>\n&#8211; Adulto \u00a0y menor \u00a025\u20ac<\/p>\n<div><\/div>\n","protected":false},"excerpt":{"rendered":"<p>Un taller en el que peques y mayores crearemos\u00a0 juntos unas divertidas galletas\u00a0 y cake pop de carnaval, dejaremos volar nuestra creatividad mientras disfrutamos de un tiempo de calidad en familia, para ellos nos acompa\u00f1ara Patricia de la pasteler\u00eda PATI PATU Trabajo en equipo y creatividad\u00a0 a tope para una ma\u00f1ana de s\u00e1bado diferente. Incluye [&hellip;]<\/p>\n","protected":false},"featured_media":2121,"comment_status":"open","ping_status":"closed","template":"","meta":{"jetpack_post_was_ever_published":false},"product_brand":[],"product_cat":[42,43],"product_tag":[52,45,53],"class_list":{"0":"post-1902","1":"product","2":"type-product","3":"status-publish","4":"has-post-thumbnail","6":"product_cat-carnaval","7":"product_cat-talleres-en-familia","8":"product_tag-carnaval","9":"product_tag-familia","10":"product_tag-galletas","12":"first","13":"outofstock","14":"taxable","15":"shipping-taxable","16":"purchasable","17":"product-type-simple"},"jetpack_sharing_enabled":true,"_links":{"self":[{"href":"https:\/\/ctlesbarizaculos.com\/WordPress\/wp-json\/wp\/v2\/product\/1902","targetHints":{"allow":["GET"]}}],"collection":[{"href":"https:\/\/ctlesbarizaculos.com\/WordPress\/wp-json\/wp\/v2\/product"}],"about":[{"href":"https:\/\/ctlesbarizaculos.com\/WordPress\/wp-json\/wp\/v2\/types\/product"}],"replies":[{"embeddable":true,"href":"https:\/\/ctlesbarizaculos.com\/WordPress\/wp-json\/wp\/v2\/comments?post=1902"}],"wp:featuredmedia":[{"embeddable":true,"href":"https:\/\/ctlesbarizaculos.com\/WordPress\/wp-json\/wp\/v2\/media\/2121"}],"wp:attachment":[{"href":"https:\/\/ctlesbarizaculos.com\/WordPress\/wp-json\/wp\/v2\/media?parent=1902"}],"wp:term":[{"taxonomy":"product_brand","embeddable":true,"href":"https:\/\/ctlesbarizaculos.com\/WordPress\/wp-json\/wp\/v2\/product_brand?post=1902"},{"taxonomy":"product_cat","embeddable":true,"href":"https:\/\/ctlesbarizaculos.com\/WordPress\/wp-json\/wp\/v2\/product_cat?post=1902"},{"taxonomy":"product_tag","embeddable":true,"href":"https:\/\/ctlesbarizaculos.com\/WordPress\/wp-json\/wp\/v2\/product_tag?post=1902"}],"curies":[{"name":"wp","href":"https:\/\/api.w.org\/{rel}","templated":true}]}}