{"id":1847,"date":"2024-11-15T14:26:32","date_gmt":"2024-11-15T14:26:32","guid":{"rendered":"https:\/\/ctlesbarizaculos.com\/WordPress\/?post_type=product&#038;p=1847"},"modified":"2026-01-15T11:51:11","modified_gmt":"2026-01-15T11:51:11","slug":"decoracion-cupcakes-en-familia-especial-navidad","status":"publish","type":"product","link":"https:\/\/ctlesbarizaculos.com\/WordPress\/producto\/decoracion-cupcakes-en-familia-especial-navidad\/","title":{"rendered":"DECORACI\u00d3N CUPCAKES EN FAMILIA( ESPECIAL NAVIDAD)"},"content":{"rendered":"<p>Un taller en el que peques y mayores crearemos juntos estos divertidos dulces tematizados de Navidad,\u00a0donde elaborar en familia divertidos cupcakes con Sandra y David, de\u00a0<strong>Toque de Canela<\/strong><\/p>\n<p>Trabajo en equipo y creatividad\u00a0 a tope para una ma\u00f1ana de s\u00e1bado diferente.<\/p>\n<p>Incluye el taller ,materiales y picoteo.<\/p>\n<p>D\u00eda 27 de diciembre<br \/>\n11:00 a 12:30\u00a0 ( DE 2 A 15 A\u00d1OS)<br \/>\nLugar :Esbarizaculos ,C\/ Alvira Lasierra 4, local( junto al parque Bruil)<br \/>\nPara que la plaza sea efectiva es necesario pago y rellenar <a href=\"https:\/\/forms.gle\/maxFdRT1LScvc3MS8\">formulario de inscripci\u00f3n<\/a><\/p>\n<p>Precios:<\/p>\n<p>Soci@s premium\u00a0 ( antig\u00fcedad m\u00ednima un mes)<\/p>\n<p>&#8211; Adulto \u00a0y menor\u00a0 20\u20ac<\/p>\n<p>Soci@s\u00a0 esbarizaculos ( antig\u00fcedad m\u00ednima un mes) y AMPA Hilari\u00f3n Gimeno :<br \/>\n&#8211; Adulto \u00a0y menor\u00a0 23\u20ac<\/p>\n<p>No soci@s:<br \/>\n&#8211; Adulto \u00a0y menor \u00a025\u20ac<\/p>\n<div><\/div>\n","protected":false},"excerpt":{"rendered":"<p>Un taller en el que peques y mayores crearemos juntos estos divertidos dulces tematizados de Navidad,\u00a0donde elaborar en familia divertidos cupcakes con Sandra y David, de\u00a0Toque de Canela Trabajo en equipo y creatividad\u00a0 a tope para una ma\u00f1ana de s\u00e1bado diferente. Incluye el taller ,materiales y picoteo. D\u00eda 27 de diciembre 11:00 a 12:30\u00a0 ( [&hellip;]<\/p>\n","protected":false},"featured_media":2074,"comment_status":"open","ping_status":"closed","template":"","meta":{"jetpack_post_was_ever_published":false},"product_brand":[],"product_cat":[43],"product_tag":[50,45,44],"class_list":{"0":"post-1847","1":"product","2":"type-product","3":"status-publish","4":"has-post-thumbnail","6":"product_cat-talleres-en-familia","7":"product_tag-cupcakes","8":"product_tag-familia","9":"product_tag-navidad","11":"first","12":"outofstock","13":"taxable","14":"shipping-taxable","15":"purchasable","16":"product-type-simple"},"jetpack_sharing_enabled":true,"_links":{"self":[{"href":"https:\/\/ctlesbarizaculos.com\/WordPress\/wp-json\/wp\/v2\/product\/1847","targetHints":{"allow":["GET"]}}],"collection":[{"href":"https:\/\/ctlesbarizaculos.com\/WordPress\/wp-json\/wp\/v2\/product"}],"about":[{"href":"https:\/\/ctlesbarizaculos.com\/WordPress\/wp-json\/wp\/v2\/types\/product"}],"replies":[{"embeddable":true,"href":"https:\/\/ctlesbarizaculos.com\/WordPress\/wp-json\/wp\/v2\/comments?post=1847"}],"wp:featuredmedia":[{"embeddable":true,"href":"https:\/\/ctlesbarizaculos.com\/WordPress\/wp-json\/wp\/v2\/media\/2074"}],"wp:attachment":[{"href":"https:\/\/ctlesbarizaculos.com\/WordPress\/wp-json\/wp\/v2\/media?parent=1847"}],"wp:term":[{"taxonomy":"product_brand","embeddable":true,"href":"https:\/\/ctlesbarizaculos.com\/WordPress\/wp-json\/wp\/v2\/product_brand?post=1847"},{"taxonomy":"product_cat","embeddable":true,"href":"https:\/\/ctlesbarizaculos.com\/WordPress\/wp-json\/wp\/v2\/product_cat?post=1847"},{"taxonomy":"product_tag","embeddable":true,"href":"https:\/\/ctlesbarizaculos.com\/WordPress\/wp-json\/wp\/v2\/product_tag?post=1847"}],"curies":[{"name":"wp","href":"https:\/\/api.w.org\/{rel}","templated":true}]}}