{"id":1676,"date":"2021-01-16T11:00:09","date_gmt":"2021-01-16T11:00:09","guid":{"rendered":"https:\/\/ctlesbarizaculos.com\/WordPress\/?post_type=product&#038;p=1676"},"modified":"2024-11-08T11:34:02","modified_gmt":"2024-11-08T11:34:02","slug":"marioneta-gigante-pippi-calzaslargas","status":"publish","type":"product","link":"https:\/\/ctlesbarizaculos.com\/WordPress\/producto\/marioneta-gigante-pippi-calzaslargas\/","title":{"rendered":"MARIONETA GIGANTE \u00abPIPPI CALZASLARGAS\u00bb"},"content":{"rendered":"<p>Destina a menores de 6 a 12 a\u00f1os ( m\u00e1s peques con supervisi\u00f3n de un adulto)<\/p>\n<p>Comenzamos trimestre con un libro de la escritora Astrid Lindgren \u00abPippi Calzaslargas\u00bb, sacamos nuestro lado m\u00e1s teatral y creativo para realizar una marioneta gigante de cuerpo para jugar a ser Pippilota, jugando a no tocar el suelo o andando hacia atr\u00e1s.<\/p>\n<p>Material para una persona<\/p>\n","protected":false},"excerpt":{"rendered":"<p>Destina a menores de 6 a 12 a\u00f1os ( m\u00e1s peques con supervisi\u00f3n de un adulto) Comenzamos trimestre con un libro de la escritora Astrid Lindgren \u00abPippi Calzaslargas\u00bb, sacamos nuestro lado m\u00e1s teatral y creativo para realizar una marioneta gigante de cuerpo para jugar a ser Pippilota, jugando a no tocar el suelo o andando [&hellip;]<\/p>\n","protected":false},"featured_media":1680,"comment_status":"open","ping_status":"closed","template":"","meta":[],"product_brand":[],"product_cat":[40],"product_tag":[],"class_list":{"0":"post-1676","1":"product","2":"type-product","3":"status-publish","4":"has-post-thumbnail","6":"product_cat-pippi-calzaslargas","8":"first","9":"outofstock","10":"virtual","11":"purchasable","12":"product-type-simple"},"jetpack_sharing_enabled":true,"_links":{"self":[{"href":"https:\/\/ctlesbarizaculos.com\/WordPress\/wp-json\/wp\/v2\/product\/1676","targetHints":{"allow":["GET"]}}],"collection":[{"href":"https:\/\/ctlesbarizaculos.com\/WordPress\/wp-json\/wp\/v2\/product"}],"about":[{"href":"https:\/\/ctlesbarizaculos.com\/WordPress\/wp-json\/wp\/v2\/types\/product"}],"replies":[{"embeddable":true,"href":"https:\/\/ctlesbarizaculos.com\/WordPress\/wp-json\/wp\/v2\/comments?post=1676"}],"wp:featuredmedia":[{"embeddable":true,"href":"https:\/\/ctlesbarizaculos.com\/WordPress\/wp-json\/wp\/v2\/media\/1680"}],"wp:attachment":[{"href":"https:\/\/ctlesbarizaculos.com\/WordPress\/wp-json\/wp\/v2\/media?parent=1676"}],"wp:term":[{"taxonomy":"product_brand","embeddable":true,"href":"https:\/\/ctlesbarizaculos.com\/WordPress\/wp-json\/wp\/v2\/product_brand?post=1676"},{"taxonomy":"product_cat","embeddable":true,"href":"https:\/\/ctlesbarizaculos.com\/WordPress\/wp-json\/wp\/v2\/product_cat?post=1676"},{"taxonomy":"product_tag","embeddable":true,"href":"https:\/\/ctlesbarizaculos.com\/WordPress\/wp-json\/wp\/v2\/product_tag?post=1676"}],"curies":[{"name":"wp","href":"https:\/\/api.w.org\/{rel}","templated":true}]}}