{"id":1598,"date":"2020-11-27T12:22:54","date_gmt":"2020-11-27T12:22:54","guid":{"rendered":"https:\/\/ctlesbarizaculos.com\/WordPress\/?post_type=product&#038;p=1598"},"modified":"2024-11-08T12:06:12","modified_gmt":"2024-11-08T12:06:12","slug":"taller-emocional-relajacion-la-ira-y-la-reina-de-corazones","status":"publish","type":"product","link":"https:\/\/ctlesbarizaculos.com\/WordPress\/producto\/taller-emocional-relajacion-la-ira-y-la-reina-de-corazones\/","title":{"rendered":"TALLER EMOCIONAL\/RELAJACI\u00d3N  \u00abLA IRA Y LA REINA DE CORAZONES\u00bb"},"content":{"rendered":"<p>La malvada reina de corazones tiene un grave problema, siempre esta nerviosa y no sabe como controlar su ira.<\/p>\n<p>Vamos a ense\u00f1arle a usar t\u00e9cnicas de relajaci\u00f3n, yoga y educaci\u00f3n emocional para que pueda sentirse m\u00e1s tranquila y no perder \u00abla cabeza\u00bb.<\/p>\n<p>Material para m\u00e1ximo 3 menores.<\/p>\n","protected":false},"excerpt":{"rendered":"<p>La malvada reina de corazones tiene un grave problema, siempre esta nerviosa y no sabe como controlar su ira. Vamos a ense\u00f1arle a usar t\u00e9cnicas de relajaci\u00f3n, yoga y educaci\u00f3n emocional para que pueda sentirse m\u00e1s tranquila y no perder \u00abla cabeza\u00bb. Material para m\u00e1ximo 3 menores.<\/p>\n","protected":false},"featured_media":1640,"comment_status":"open","ping_status":"closed","template":"","meta":[],"product_brand":[],"product_cat":[37],"product_tag":[],"class_list":{"0":"post-1598","1":"product","2":"type-product","3":"status-publish","4":"has-post-thumbnail","6":"product_cat-reina-de-corazones","8":"first","9":"outofstock","10":"virtual","11":"purchasable","12":"product-type-simple"},"jetpack_sharing_enabled":true,"_links":{"self":[{"href":"https:\/\/ctlesbarizaculos.com\/WordPress\/wp-json\/wp\/v2\/product\/1598","targetHints":{"allow":["GET"]}}],"collection":[{"href":"https:\/\/ctlesbarizaculos.com\/WordPress\/wp-json\/wp\/v2\/product"}],"about":[{"href":"https:\/\/ctlesbarizaculos.com\/WordPress\/wp-json\/wp\/v2\/types\/product"}],"replies":[{"embeddable":true,"href":"https:\/\/ctlesbarizaculos.com\/WordPress\/wp-json\/wp\/v2\/comments?post=1598"}],"wp:featuredmedia":[{"embeddable":true,"href":"https:\/\/ctlesbarizaculos.com\/WordPress\/wp-json\/wp\/v2\/media\/1640"}],"wp:attachment":[{"href":"https:\/\/ctlesbarizaculos.com\/WordPress\/wp-json\/wp\/v2\/media?parent=1598"}],"wp:term":[{"taxonomy":"product_brand","embeddable":true,"href":"https:\/\/ctlesbarizaculos.com\/WordPress\/wp-json\/wp\/v2\/product_brand?post=1598"},{"taxonomy":"product_cat","embeddable":true,"href":"https:\/\/ctlesbarizaculos.com\/WordPress\/wp-json\/wp\/v2\/product_cat?post=1598"},{"taxonomy":"product_tag","embeddable":true,"href":"https:\/\/ctlesbarizaculos.com\/WordPress\/wp-json\/wp\/v2\/product_tag?post=1598"}],"curies":[{"name":"wp","href":"https:\/\/api.w.org\/{rel}","templated":true}]}}