{"id":1547,"date":"2020-10-31T00:20:58","date_gmt":"2020-10-31T00:20:58","guid":{"rendered":"https:\/\/ctlesbarizaculos.com\/WordPress\/?page_id=1547"},"modified":"2025-03-20T15:13:26","modified_gmt":"2025-03-20T15:13:26","slug":"proteccion-de-compradors","status":"publish","type":"page","link":"https:\/\/ctlesbarizaculos.com\/WordPress\/proteccion-de-compradors\/","title":{"rendered":"Proteccion de Comprador@s"},"content":{"rendered":"\n<p>Los pagos de las compras en Esbarizaculos S.L.L se hacen a trav\u00e9s de Redsys con todos los sistemas de encriptaci\u00f3n y seguridad de transferencia de datos a trav\u00e9s del protocolo SSL, por lo que el comprador gozar\u00e1 en todo momento con la protecci\u00f3n de estos canales.<\/p>\n","protected":false},"excerpt":{"rendered":"<p>Los pagos de las compras en Esbarizaculos S.L.L se hacen a trav\u00e9s de Redsys con todos los sistemas de encriptaci\u00f3n y seguridad de transferencia de datos a trav\u00e9s del protocolo SSL, por lo que el comprador gozar\u00e1 en todo momento con la protecci\u00f3n de estos canales.<\/p>\n","protected":false},"author":1,"featured_media":0,"parent":0,"menu_order":0,"comment_status":"closed","ping_status":"closed","template":"","meta":{"jetpack_post_was_ever_published":false,"footnotes":""},"class_list":["post-1547","page","type-page","status-publish","hentry"],"jetpack_shortlink":"https:\/\/wp.me\/P62CSz-oX","jetpack_sharing_enabled":true,"_links":{"self":[{"href":"https:\/\/ctlesbarizaculos.com\/WordPress\/wp-json\/wp\/v2\/pages\/1547","targetHints":{"allow":["GET"]}}],"collection":[{"href":"https:\/\/ctlesbarizaculos.com\/WordPress\/wp-json\/wp\/v2\/pages"}],"about":[{"href":"https:\/\/ctlesbarizaculos.com\/WordPress\/wp-json\/wp\/v2\/types\/page"}],"author":[{"embeddable":true,"href":"https:\/\/ctlesbarizaculos.com\/WordPress\/wp-json\/wp\/v2\/users\/1"}],"replies":[{"embeddable":true,"href":"https:\/\/ctlesbarizaculos.com\/WordPress\/wp-json\/wp\/v2\/comments?post=1547"}],"version-history":[{"count":2,"href":"https:\/\/ctlesbarizaculos.com\/WordPress\/wp-json\/wp\/v2\/pages\/1547\/revisions"}],"predecessor-version":[{"id":1566,"href":"https:\/\/ctlesbarizaculos.com\/WordPress\/wp-json\/wp\/v2\/pages\/1547\/revisions\/1566"}],"wp:attachment":[{"href":"https:\/\/ctlesbarizaculos.com\/WordPress\/wp-json\/wp\/v2\/media?parent=1547"}],"curies":[{"name":"wp","href":"https:\/\/api.w.org\/{rel}","templated":true}]}}