{"id":1545,"date":"2020-10-31T00:19:42","date_gmt":"2020-10-31T00:19:42","guid":{"rendered":"https:\/\/ctlesbarizaculos.com\/WordPress\/?page_id=1545"},"modified":"2020-11-04T21:54:41","modified_gmt":"2020-11-04T21:54:41","slug":"condiciones-de-envio-devoluciones-y-cancelaciones","status":"publish","type":"page","link":"https:\/\/ctlesbarizaculos.com\/WordPress\/condiciones-de-envio-devoluciones-y-cancelaciones\/","title":{"rendered":"Condiciones de Env\u00edo, Devoluciones y Cancelaciones"},"content":{"rendered":"\n<p>ENVIOS<br>Los env\u00edos de Esbarizaculos por ahora ser\u00e1n solo a Zaragoza ciudad y barrios rurales, coste incluido en precio final.<br>Entrega en 48 horas (de lunes a s\u00e1bado, no festivos).<br>Esbarizaculos S.L.L se esforzar\u00e1 por realizar la entrega de los Productos dentro de los plazos establecidos, los cuales tendr\u00e1n car\u00e1cter de estimativos y no  vinculantes.<\/p>\n\n\n\n<p>DEVOLUCIONES<br>Una vez pasado el periodo de cancelaci\u00f3n no se aceptan devoluciones.<br>En caso de que un producto llegue defectuoso o en mal estado, podr\u00e1s solicitar uno nuevo enviando fotograf\u00edas que muestren el desperfecto durante los 12h siguientes a haber recibido el pedido.<br>Se entiende por defectuoso o mal estado, aquellos que puedan ser apreciados mediante inspecci\u00f3n ocular o un m\u00ednimo control a la recepci\u00f3n.<\/p>\n\n\n\n<p>CANCELACIONES<br>Si deseas cancelar tu pedido, podr\u00e1s hacerlo enviando un email a info@ctlesbarizaculos.com en las 4h siguientes a la realizaci\u00f3n del pedido. Y\u00a0se proceder\u00e1 al reembolso (con ingreso en la cuenta que nos indique el cliente) del mismo en un periodo de 48 horas.<\/p>\n\n\n\n<p>Esbarizaculos S.L.L. est\u00e1 inscrita en el registro mercantil de Zaragoza en tomo 3927, hoja Z-.53729, libro 0, Inscrip. 1, folio 47 con CIF: B99352205<\/p>\n","protected":false},"excerpt":{"rendered":"<p>ENVIOSLos env\u00edos de Esbarizaculos por ahora ser\u00e1n solo a Zaragoza ciudad y barrios rurales, coste incluido en precio final.Entrega en 48 horas (de lunes a s\u00e1bado, no festivos).Esbarizaculos S.L.L se esforzar\u00e1 por realizar la entrega de los Productos dentro de los plazos establecidos, los cuales tendr\u00e1n car\u00e1cter de estimativos y no vinculantes. DEVOLUCIONESUna vez pasado [&hellip;]<\/p>\n","protected":false},"author":1,"featured_media":0,"parent":0,"menu_order":0,"comment_status":"closed","ping_status":"closed","template":"","meta":{"jetpack_post_was_ever_published":false,"footnotes":""},"class_list":["post-1545","page","type-page","status-publish","hentry"],"jetpack_shortlink":"https:\/\/wp.me\/P62CSz-oV","jetpack_sharing_enabled":true,"_links":{"self":[{"href":"https:\/\/ctlesbarizaculos.com\/WordPress\/wp-json\/wp\/v2\/pages\/1545","targetHints":{"allow":["GET"]}}],"collection":[{"href":"https:\/\/ctlesbarizaculos.com\/WordPress\/wp-json\/wp\/v2\/pages"}],"about":[{"href":"https:\/\/ctlesbarizaculos.com\/WordPress\/wp-json\/wp\/v2\/types\/page"}],"author":[{"embeddable":true,"href":"https:\/\/ctlesbarizaculos.com\/WordPress\/wp-json\/wp\/v2\/users\/1"}],"replies":[{"embeddable":true,"href":"https:\/\/ctlesbarizaculos.com\/WordPress\/wp-json\/wp\/v2\/comments?post=1545"}],"version-history":[{"count":5,"href":"https:\/\/ctlesbarizaculos.com\/WordPress\/wp-json\/wp\/v2\/pages\/1545\/revisions"}],"predecessor-version":[{"id":1568,"href":"https:\/\/ctlesbarizaculos.com\/WordPress\/wp-json\/wp\/v2\/pages\/1545\/revisions\/1568"}],"wp:attachment":[{"href":"https:\/\/ctlesbarizaculos.com\/WordPress\/wp-json\/wp\/v2\/media?parent=1545"}],"curies":[{"name":"wp","href":"https:\/\/api.w.org\/{rel}","templated":true}]}}